{"id":21014,"date":"2024-10-29T15:18:49","date_gmt":"2024-10-29T09:48:49","guid":{"rendered":"https:\/\/www.swaroopyog.net\/?page_id=21014"},"modified":"2024-10-30T13:56:41","modified_gmt":"2024-10-30T08:26:41","slug":"sadhak-library-books-and-articles-2","status":"publish","type":"page","link":"https:\/\/sytest.swaroopyog.net\/mr\/sadhak-library-books-and-articles-2\/","title":{"rendered":"Sadhak library Books and Articles"},"content":{"rendered":"<div class=\"wp-block-group has-background is-nowrap is-layout-flex wp-container-core-group-is-layout-ad2f72ca wp-block-group-is-layout-flex\" style=\"background-color:#07254f\">\n<h2 class=\"wp-block-heading has-text-align-center sypageheader syuttaradhikariheader has-white-color has-text-color has-background has-link-color wp-elements-10304eb6115fdb222c7755b964ff79c6\" style=\"background-color:#07254f\"> \u0938\u093e\u0927\u0915 \u0932\u093e\u092f\u092c\u094d\u0930\u0930\u0940 \u092a\u0941\u0938\u094d\u0924\u0915\u0947 \u0906\u0923\u093f \u0932\u0947\u0916<\/h2>\n\n\n\n<div style=\"height:100px;width:209px\" aria-hidden=\"true\" class=\"wp-block-spacer wp-container-content-fd9633a6\"><\/div>\n\n\n<form role=\"search\" method=\"get\" action=\"https:\/\/sytest.swaroopyog.net\/mr\/\" class=\"wp-block-search__no-button wp-block-search wp-container-content-9cfa9a5a\" data-trp-original-action=\"https:\/\/sytest.swaroopyog.net\/mr\/\"    ><label class=\"wp-block-search__label screen-reader-text\" for=\"wp-block-search__input-1\" >Search<\/label><div class=\"wp-block-search__inside-wrapper\"  style=\"width: 85%\"><input class=\"wp-block-search__input\" id=\"wp-block-search__input-1\" placeholder=\"Search..\" value=\"\" type=\"search\" name=\"s\" required \/><\/div><input type=\"hidden\" name=\"trp-form-language\" value=\"mr\"\/><\/form><\/div>\n\n\n\n<div style=\"height:50px\" aria-hidden=\"true\" class=\"wp-block-spacer\"><\/div>\n\n\n\n<div class=\"wp-block-columns are-vertically-aligned-top is-layout-flex wp-container-core-columns-is-layout-9d6595d7 wp-block-columns-is-layout-flex\">\n<div class=\"wp-block-column is-vertically-aligned-top is-layout-flow wp-block-column-is-layout-flow\" style=\"flex-basis:30%\">\n<div class=\"wp-block-cover has-custom-content-position is-position-top-center .wp-block-cover__background\"><span aria-hidden=\"true\" class=\"wp-block-cover__background has-background-dim-100 has-background-dim\" style=\"background-color:#07254f\"><\/span><div class=\"wp-block-cover__inner-container is-layout-constrained wp-block-cover-is-layout-constrained\">\n<h2 class=\"wp-block-heading sypageheader\">\u092a\u0941\u0938\u094d\u0924\u0915\u0947 \u0906\u0923\u093f \u0932\u0947\u0916 \u0932\u093e\u092f\u092c\u094d\u0930\u0930\u0940<\/h2>\n\n\n\t<div class=\"sadhak_library_template\">\t\n\t\t\t\t\t<div class=\"toggle-section\">\n\t\t\t\t<span class=\"elementor-tab-title\">\n\t\t\t\t\t<span class=\"arrow\">&#9654;<\/span>\n\t\t\t\t\t\u0938\u0917\u0941\u0923 \u0928\u093f\u0930\u094d\u0917\u0941\u0923 \u0932\u0947\u0916\u092e\u093e\u0932\u093e\t\t\t\t<\/span>\n\t\t\t\t<ul class=\"syashramparisarlist\" style=\"display:none;\">\n\t\t\t\t\t<div class=\"categoryidclass syashramparisarlist\" category=\"189\" type=\"Books and Articles\" style=\"display:none\"><\/div><ul><li class=\"sl_list_item\" itemindex=\"0\" ><a href=\"#\">15 &#8211; Lekh 15 &#8211; Svata\u1e25s\u0101\u1e6dh\u012b v\u0113\u1e37a<\/a><\/li><li class=\"sl_list_item\" itemindex=\"1\" ><a href=\"#\">14 &#8211; Lekh 14 &#8211; M\u016blya\u015bik\u1e63a\u1e47a<\/a><\/li><li class=\"sl_list_item\" itemindex=\"2\" ><a href=\"#\">13 &#8211; Lekh 13 &#8211; \u015ar\u012b D\u00f1\u0101n\u0113\u015bvar\u012b jayant\u012b<\/a><\/li><li class=\"sl_list_item\" itemindex=\"3\" ><a href=\"#\">12 &#8211; Lekh 12 &#8211; Pu\u1e0dhacy\u0101 var\u1e63a lavakara y\u0101!<\/a><\/li><li class=\"sl_list_item\" itemindex=\"4\" ><a href=\"#\">11 &#8211; Lekh 11 &#8211; Gaur\u012b \u0101v\u0101hana, p\u016bjana \u0101\u1e47\u012b pras\u0101da\u00a0<\/a><\/li><li class=\"sl_list_item\" itemindex=\"5\" ><a href=\"#\">10 &#8211; Lekh 10 &#8211; Bailap\u014d\u1e37y\u0101cy\u0101 nimitt\u0101n\u0113\u00a0<\/a><\/li><li class=\"sl_list_item\" itemindex=\"6\" ><a href=\"#\">09 &#8211; Lekh 9 &#8211; Krishna Vande Jagadgurum<\/a><\/li><li class=\"sl_list_item\" itemindex=\"7\" ><a href=\"#\">08 &#8211; Lekh 8-D\u0113v\u0101\u015b\u012b sakhya<\/a><\/li><li class=\"sl_list_item\" itemindex=\"8\" ><a href=\"#\">07 &#8211; Lekh 7 &#8211; dasyatvatun ekarupatechya rajpadi<\/a><\/li><li class=\"sl_list_item\" itemindex=\"9\" ><a href=\"#\">06 &#8211; Lekh 6 &#8211; Kartavyakarm\u0101n\u0113 \u012b\u015bvara p\u016bj\u0101<\/a><\/li><li class=\"sl_list_item\" itemindex=\"10\" ><a href=\"#\">05 &#8211; Lekh 5 &#8211; Vairagyasakhyacha Haath<\/a><\/li><li class=\"sl_list_item\" itemindex=\"11\" ><a href=\"#\">04 &#8211; Lekh 4 &#8211; Nitya Gurupournima<\/a><\/li><li class=\"sl_list_item\" itemindex=\"12\" ><a href=\"#\">03 &#8211; Lekh 3 &#8211; Krutadnyabhave Gurupournima<\/a><\/li><li class=\"sl_list_item\" itemindex=\"13\" ><a href=\"#\">02 &#8211; Lekh 2 &#8211; Dev Sarvatra Aahe<\/a><\/li><li class=\"sl_list_item\" itemindex=\"14\" ><a href=\"#\">01 &#8211; Lekh1 &#8211; Devdarshanacha Yog<\/a><\/li><\/ul>\t\t\t\t<\/ul>\n\t\t\t<\/div>\n\t\t\t\t\t<div class=\"toggle-section\">\n\t\t\t\t<span class=\"elementor-tab-title\">\n\t\t\t\t\t<span class=\"arrow\">&#9654;<\/span>\n\t\t\t\t\t\u0938\u0902\u0924\u091a\u0930\u093f\u0924\u094d\u0930\u0947 \u0932\u0947\u0916\u092e\u093e\u0932\u093e\t\t\t\t<\/span>\n\t\t\t\t<ul class=\"syashramparisarlist\" style=\"display:none;\">\n\t\t\t\t\t<div class=\"categoryidclass syashramparisarlist\" category=\"191\" type=\"Books and Articles\" style=\"display:none\"><\/div><ul><li class=\"sl_list_item\" itemindex=\"0\" ><a href=\"#\">11 &#8211; \u0938\u0902\u0924\u0915\u0935\u0940 \u0926\u093e\u0938\u0917\u0923\u0941 \u092e\u0939\u093e\u0930\u093e\u091c<\/a><\/li><li class=\"sl_list_item\" itemindex=\"1\" ><a href=\"#\">10 &#8211; \u092d\u0917\u0935\u093e\u0928 \u0936\u094d\u0930\u0940 \u0930\u092e\u0923 \u092e\u0939\u0930\u094d\u0937\u0940<\/a><\/li><li class=\"sl_list_item\" itemindex=\"2\" ><a href=\"#\">09 &#8211; \u0938\u0902\u0924 \u0928\u093e\u092e\u0926\u0947\u0935- \u090f\u0915 \u0913\u091d\u0930\u0924\u0947 \u0926\u0930\u094d\u0936\u0928<\/a><\/li><li class=\"sl_list_item\" itemindex=\"3\" ><a href=\"#\">08 &#8211; \u0935\u093f\u0926\u094d\u092f\u093e\u0930\u094d\u0925\u0940 \u0917\u0941\u0930\u0941\u0926\u0947\u0935<\/a><\/li><li class=\"sl_list_item\" itemindex=\"4\" ><a href=\"#\">07 &#8211; \u091a\u093f\u0928\u094d\u092e\u092f\u093e\u091a\u0947 \u0938\u094c\u0902\u0926\u0930\u094d\u092f<\/a><\/li><li class=\"sl_list_item\" itemindex=\"5\" ><a href=\"#\">06 &#8211; \u0917\u0941\u0930\u0941 \u0928\u0938\u0932\u0947\u0932\u0947 \u0917\u0941\u0930\u0941- \u092d\u0917\u0935\u093e\u0928 \u0936\u094d\u0930\u0940 \u0930\u092e\u0923 \u092e\u0939\u0930\u094d\u0937\u0940\u00a0<\/a><\/li><li class=\"sl_list_item\" itemindex=\"6\" ><a href=\"#\">05 &#8211; \u0938\u0902\u0924\u0915\u0935\u0940 \u0926\u093e\u0938\u0917\u0923\u0942 \u092e\u0939\u093e\u0930\u093e\u091c<\/a><\/li><li class=\"sl_list_item\" itemindex=\"7\" ><a href=\"#\">04 &#8211; \u0935\u093f\u0926\u094d\u092f\u093e\u0930\u094d\u0925\u0940 \u0917\u0941\u0930\u0941\u0926\u0947\u0935<\/a><\/li><li class=\"sl_list_item\" itemindex=\"8\" ><a href=\"#\">03 &#8211; \u0915\u092c\u093f\u0930\u093e\u091a\u0947 \u0935\u093f\u0923\u0940\u0924\u094b \u0936\u0947\u0932\u0947 &#8211; \u0938\u094d\u0935\u0930\u0942\u092a\u092f\u094b\u0917 \u092e\u093e\u0938\u093f\u0915 \u091c\u0942\u0928 \u0967\u096f\u096f\u096f<\/a><\/li><li class=\"sl_list_item\" itemindex=\"9\" ><a href=\"#\">02 &#8211; \u092c\u094d\u0930\u0939\u094d\u092e\u091a\u0948\u0924\u0928\u094d\u092f &#8211; \u0938\u094d\u0935\u0930\u0942\u092a\u092f\u094b\u0917 \u092e\u093e\u0938\u093f\u0915 \u0926\u093f\u0938\u0947\u092e\u094d\u092c\u0930 1998<\/a><\/li><li class=\"sl_list_item\" itemindex=\"10\" ><a href=\"#\">01 &#8211; \u0906\u091a\u093e\u0930\u094d\u092f \u0926\u0947\u0935\u094b \u092d\u0935<\/a><\/li><\/ul>\t\t\t\t<\/ul>\n\t\t\t<\/div>\n\t\t\t<\/div>\n\t<script>\n\t\tjQuery(document).ready(function($) {\n\t\t\t$('.sadhak_library_template .toggle-section').click(function(event) {\n\t\t\t\t\/\/ Prevent the click event from bubbling up to the list items\n\t\t\t\tif ($(event.target).closest('ul').length === 0) {\n\t\t\t\t\t$('.sadhak_library_template .syashramparisarlist').slideUp();\n\t\t\t\t\t$('.sadhak_library_template .arrow').html('&#9654;');\n\t\t\t\t\tif ($(this).find('ul').is(':hidden')) {\n\t\t\t\t\t\t$(this).find('ul').slideDown();\n\t\t\t\t\t\t$(this).find('.arrow').html('&#9660;');\n\t\t\t\t\t} else {\n\t\t\t\t\t\t$(this).find('ul').slideUp();\n\t\t\t\t\t\t$(this).find('.arrow').html('&#9654;');\n\t\t\t\t\t}\n\t\t\t\t}\n\t\t\t});\n\t\t});\n\t<\/script>\n\t<style>\n\t\t.sadhak_library_template .toggle-section {\n\t\t\tmargin-bottom: 10px;\n\t\t}\n\t\t.sadhak_library_template .elementor-tab-title {\n\t\t\tcursor: pointer;\n\t\t\tdisplay: flex;\n\t\t\talign-items: center;\n\t\t}\n\t\t.sadhak_library_template .arrow {\n\t\t\tmargin-right: 10px;\n\t\t}\n\t<\/style>\n\t\n<\/div><\/div>\n<\/div>\n\n\n\n<div class=\"wp-block-column is-vertically-aligned-top is-layout-flow wp-block-column-is-layout-flow\" style=\"flex-basis:2%\"><\/div>\n\n\n\n<div class=\"wp-block-column is-vertically-aligned-top slmaincarousel is-layout-flow wp-block-column-is-layout-flow\" style=\"flex-basis:68%\">\n<div id=\"audio_main\">\u0915\u094d\u0937\u092e\u0938\u094d\u0935! \u0906\u092a\u0923 \u0932\u0949\u0917\u093f\u0928 \u0915\u0947\u0932\u0947\u0932\u0947 \u0928\u093e\u0939\u0940, \u0905\u0925\u0935\u093e \u0906\u092a\u0923 \u0938\u093e\u0927\u0915 \u0932\u093e\u092f\u092c\u094d\u0930\u0930\u0940\u091a\u0947 \u0938\u092c\u094d\u0938\u094d\u0915\u094d\u0930\u093f\u092a\u094d\u0936\u0928 (\u0938\u092d\u093e\u0938\u0926\u0924\u094d\u0935) \u0918\u0947\u0924\u0932\u0947 \u0928\u093e\u0939\u0940\u092f\u0947. \u0938\u093e\u0927\u0915 \u0932\u093e\u092f\u092c\u094d\u0930\u0930\u0940 \u092e\u0927\u094d\u092f\u0947 \u092a\u094d\u0930\u0935\u0947\u0936 \u092e\u093f\u0933\u0935\u0923\u094d\u092f\u093e\u0938\u093e\u0920\u0940 \u0915\u0943\u092a\u092f\u093e \u0932\u0949\u0917\u093f\u0928 \u0915\u0930\u093e\u0935\u0947 \u0935 \u0938\u092c\u0938\u094d\u0915\u094d\u0930\u093e\u0908\u092c (\u0938\u092d\u093e\u0938\u0926\u0924\u094d\u0935 \u0918\u094d\u092f\u093e\u0935\u0947) \u0915\u0930\u093e\u0935\u0947.<\/div>\n<\/div>\n<\/div>","protected":false},"excerpt":{"rendered":"<div class=\"pmpro_content_message\">This content is for Yearly and Half-yearly members only.<br \/><a href=\"https:\/\/sytest.swaroopyog.net\/mr\/login\/\">Login<\/a> <a href=\"https:\/\/sytest.swaroopyog.net\/mr\/membership-account\/membership-levels\/\">Join Now<\/a><\/div>","protected":false},"author":1,"featured_media":0,"parent":0,"menu_order":0,"comment_status":"closed","ping_status":"closed","template":"sadhak-lib-pranava-template.php","meta":{"pmpro_default_level":"","footnotes":""},"class_list":["post-21014","page","type-page","status-publish","hentry","pmpro-has-access"],"_links":{"self":[{"href":"https:\/\/sytest.swaroopyog.net\/mr\/wp-json\/wp\/v2\/pages\/21014","targetHints":{"allow":["GET"]}}],"collection":[{"href":"https:\/\/sytest.swaroopyog.net\/mr\/wp-json\/wp\/v2\/pages"}],"about":[{"href":"https:\/\/sytest.swaroopyog.net\/mr\/wp-json\/wp\/v2\/types\/page"}],"author":[{"embeddable":true,"href":"https:\/\/sytest.swaroopyog.net\/mr\/wp-json\/wp\/v2\/users\/1"}],"replies":[{"embeddable":true,"href":"https:\/\/sytest.swaroopyog.net\/mr\/wp-json\/wp\/v2\/comments?post=21014"}],"version-history":[{"count":2,"href":"https:\/\/sytest.swaroopyog.net\/mr\/wp-json\/wp\/v2\/pages\/21014\/revisions"}],"predecessor-version":[{"id":21065,"href":"https:\/\/sytest.swaroopyog.net\/mr\/wp-json\/wp\/v2\/pages\/21014\/revisions\/21065"}],"wp:attachment":[{"href":"https:\/\/sytest.swaroopyog.net\/mr\/wp-json\/wp\/v2\/media?parent=21014"}],"curies":[{"name":"wp","href":"https:\/\/api.w.org\/{rel}","templated":true}]}}