{"id":21004,"date":"2024-10-29T14:58:08","date_gmt":"2024-10-29T09:28:08","guid":{"rendered":"https:\/\/www.swaroopyog.net\/?page_id=21004"},"modified":"2024-11-04T17:23:09","modified_gmt":"2024-11-04T11:53:09","slug":"sadhak-library-videos-2","status":"publish","type":"page","link":"https:\/\/sytest.swaroopyog.net\/mr\/sadhak-library-videos-2\/","title":{"rendered":"\u0938\u093e\u0927\u0915 \u0932\u093e\u092f\u092c\u094d\u0930\u0930\u0940 \u0935\u094d\u0939\u093f\u0921\u093f\u0913\u0938"},"content":{"rendered":"<div class=\"wp-block-group has-background is-nowrap is-layout-flex wp-container-core-group-is-layout-ad2f72ca wp-block-group-is-layout-flex\" style=\"background-color:#07254f\">\n<h2 class=\"wp-block-heading has-text-align-center sypageheader syuttaradhikariheader has-white-color has-text-color has-background has-link-color wp-elements-1df701b99c56735389a2c0e0d62b8d6b\" style=\"background-color:#07254f\"> \u0938\u093e\u0927\u0915 \u0932\u093e\u092f\u092c\u094d\u0930\u0930\u0940 \u0935\u094d\u0939\u093f\u0921\u093f\u0913<\/h2>\n\n\n\n<div style=\"height:100px;width:209px\" aria-hidden=\"true\" class=\"wp-block-spacer wp-container-content-fd9633a6\"><\/div>\n\n\n<form role=\"search\" method=\"get\" action=\"https:\/\/sytest.swaroopyog.net\/mr\/\" class=\"wp-block-search__no-button wp-block-search wp-container-content-9cfa9a5a\" data-trp-original-action=\"https:\/\/sytest.swaroopyog.net\/mr\/\"    ><label class=\"wp-block-search__label screen-reader-text\" for=\"wp-block-search__input-1\" >Search<\/label><div class=\"wp-block-search__inside-wrapper\"  style=\"width: 75%\"><input class=\"wp-block-search__input\" id=\"wp-block-search__input-1\" placeholder=\"Search..\" value=\"\" type=\"search\" name=\"s\" required \/><\/div><input type=\"hidden\" name=\"trp-form-language\" value=\"mr\"\/><\/form><\/div>\n\n\n\n<div style=\"height:50px\" aria-hidden=\"true\" class=\"wp-block-spacer\"><\/div>\n\n\n\n<div class=\"wp-block-columns are-vertically-aligned-top is-layout-flex wp-container-core-columns-is-layout-9d6595d7 wp-block-columns-is-layout-flex\">\n<div class=\"wp-block-column is-vertically-aligned-top is-layout-flow wp-block-column-is-layout-flow\" style=\"flex-basis:30%\">\n<div class=\"wp-block-cover has-custom-content-position is-position-top-center .wp-block-cover__background\"><span aria-hidden=\"true\" class=\"wp-block-cover__background has-background-dim-100 has-background-dim\" style=\"background-color:#07254f\"><\/span><div class=\"wp-block-cover__inner-container is-layout-constrained wp-block-cover-is-layout-constrained\">\n<h2 class=\"wp-block-heading sypageheader\">\u0935\u094d\u0939\u093f\u0921\u093f\u0913 \u0932\u093e\u092f\u092c\u094d\u0930\u0930\u0940<\/h2>\n\n\n\t<div class=\"sadhak_library_template\">\t\n\t\t\t\t\t<div class=\"toggle-section\">\n\t\t\t\t<span class=\"elementor-tab-title\">\n\t\t\t\t\t<span class=\"arrow\">&#9654;<\/span>\n\t\t\t\t\t\u0936\u093f\u0935\u0936\u0902\u0915\u0930 \u092a\u094d\u0930\u0935\u091a\u0928\u0947\t\t\t\t<\/span>\n\t\t\t\t<ul class=\"syashramparisarlist\" style=\"display:none;\">\n\t\t\t\t\t<div class=\"categoryidclass syashramparisarlist\" category=\"183\" type=\"Video\" style=\"display:none\"><\/div><ul><li class=\"sl_list_item\" itemindex=\"0\" ><a href=\"#\">01_200627_GN_Bhagavat Gita _A3_S22 &#8211; na me p\u0101rth\u0101sti kartavya\u1e41 tri\u1e63hu loke\u1e63hu ki\u00f1chana<\/a><\/li><li class=\"sl_list_item\" itemindex=\"1\" ><a href=\"#\">01_200620_GN_Bhagavat Gita _A3_S21 &#8211; yad yad \u0101charati \u015bhre\u1e63h\u1e6dhas tat tad evetaro jana\u1e25<\/a><\/li><li class=\"sl_list_item\" itemindex=\"2\" ><a href=\"#\">01_200606_GN_Bhagavat Gita _A3_S20 &#8211; karma\u1e47aiva hi sansiddhim \u0101sthit\u0101 janak\u0101daya\u1e25<\/a><\/li><li class=\"sl_list_item\" itemindex=\"3\" ><a href=\"#\">01_200530_GN_Bhagavat Gita _A3_S19 -tasm\u0101d asakta\u1e25 satata\u1e41 k\u0101rya\u1e41 karma sam\u0101chara<\/a><\/li><li class=\"sl_list_item\" itemindex=\"4\" ><a href=\"#\">01_200516_GN_Bhagavat Gita _A3_S16 &#8211; eva\u1e41 pravartita\u1e41 chakra\u1e41 n\u0101nuvartayat\u012bha ya\u1e25<\/a><\/li><li class=\"sl_list_item\" itemindex=\"5\" ><a href=\"#\">01_200502_GN_Bhagavat Gita _A3_S13 &#8211; yaj\u00f1a-\u015bhi\u1e63h\u1e6d\u0101\u015bhina\u1e25 santo muchyante sarva-kilbi\u1e63hai\u1e25<\/a><\/li><li class=\"sl_list_item\" itemindex=\"6\" ><a href=\"#\">01_200425_GN_Bhagavat Gita _A3_S11 &#8211; dev\u0101n bh\u0101vayat\u0101nena te dev\u0101 bh\u0101vayantu va\u1e25<\/a><\/li><li class=\"sl_list_item\" itemindex=\"7\" ><a href=\"#\">01_200424_GN_Bhagavat Gita _A3_S10 &#8211; saha-yaj\u00f1\u0101\u1e25 praj\u0101\u1e25 s\u1e5bi\u1e63h\u1e6dv\u0101 purov\u0101cha praj\u0101pati\u1e25<\/a><\/li><li class=\"sl_list_item\" itemindex=\"8\" ><a href=\"#\">01_200418_GN_Bhagavat Gita _A3_S9 &#8211; yaj\u00f1a-\u015bhi\u1e63h\u1e6d\u0101\u015bhina\u1e25 santo muchyante sarva-kilbi\u1e63hai\u1e25<\/a><\/li><li class=\"sl_list_item\" itemindex=\"9\" ><a href=\"#\">01_200329_GN_Bhagavat Gita _A3_S3 &#8211; loke \u2019smin dvi-vidh\u0101 ni\u1e63h\u1e6dh\u0101 pur\u0101 prokt\u0101 may\u0101nagha<\/a><\/li><li class=\"sl_list_item\" itemindex=\"10\" ><a href=\"#\">01_200329_GN_Bhagavat Gita _A3_S1 &#8211; jy\u0101yas\u012b chet karma\u1e47as te mat\u0101 buddhir jan\u0101rdana<\/a><\/li><li class=\"sl_list_item\" itemindex=\"11\" ><a href=\"#\">01_200301_GN_Bhagavat Gita_A02_S67 &#8211; indriy\u0101\u1e47\u0101\u1e41 hi charat\u0101\u1e41 yan mano \u2019nuvidh\u012byate<\/a><\/li><li class=\"sl_list_item\" itemindex=\"12\" ><a href=\"#\">01_200229_GN_Bhagavat Gita_A02_S66 &#8211; n\u0101sti buddhir-ayuktasya na ch\u0101yuktasya bh\u0101van\u0101<\/a><\/li><li class=\"sl_list_item\" itemindex=\"13\" ><a href=\"#\">01_991229_GN_Bhagavat Gita_A02_S62 &#8211; dhy\u0101yato vi\u1e63hay\u0101n pu\u1e41sa\u1e25 sa\u1e45gas te\u1e63h\u016bpaj\u0101yate<\/a><\/li><li class=\"sl_list_item\" itemindex=\"14\" ><a href=\"#\">01_991228_GN_Bhagavat Gita_A02_S61 &#8211; t\u0101ni sarv\u0101\u1e47i sanyamya yukta \u0101s\u012bta mat-para\u1e25<\/a><\/li><li class=\"sl_list_item\" itemindex=\"15\" ><a href=\"#\">01_991012_GN_Bhagavat Gita_A02_S57 &#8211; ya\u1e25 sarvatr\u0101nabhisnehas tat tat pr\u0101pya \u015bhubh\u0101\u015bhubham<\/a><\/li><li class=\"sl_list_item\" itemindex=\"16\" ><a href=\"#\">01_991011_GN_Bhagavat Gita_A02_S54 &#8211; sthita-praj\u00f1asya k\u0101 bh\u0101\u1e63h\u0101 sam\u0101dhi-sthasya ke\u015bhava<\/a><\/li><li class=\"sl_list_item\" itemindex=\"17\" ><a href=\"#\">01_991011_GN_Bhagavat Gita_A02_S48 &#8211; yoga-stha\u1e25 kuru karm\u0101\u1e47i sa\u1e45ga\u1e41 tyaktv\u0101 dhana\u00f1jaya<\/a><\/li><li class=\"sl_list_item\" itemindex=\"18\" ><a href=\"#\">01_990912_GN_Bhagavat Gita_A02_S48 &#8211; yoga-stha\u1e25 kuru karm\u0101\u1e47i sa\u1e45ga\u1e41 tyaktv\u0101 dhana\u00f1jaya<\/a><\/li><li class=\"sl_list_item\" itemindex=\"19\" ><a href=\"#\">01_990411_GN_Bhagavat Gita_A02_S01 &#8211; ta\u1e41 tath\u0101 k\u1e5bipay\u0101vi\u1e63h\u1e6dama\u015bhru p\u016br\u1e47\u0101kulek\u1e63ha\u1e47am<\/a><\/li><li class=\"sl_list_item\" itemindex=\"20\" ><a href=\"#\">01_990407_GN_Bhagavat Gita_A01_S01 &#8211; Dharma-k\u1e63hetre kuru-k\u1e63hetre samavet\u0101 yuyutsava\u1e25<\/a><\/li><\/ul>\t\t\t\t<\/ul>\n\t\t\t<\/div>\n\t\t\t\t\t<div class=\"toggle-section\">\n\t\t\t\t<span class=\"elementor-tab-title\">\n\t\t\t\t\t<span class=\"arrow\">&#9654;<\/span>\n\t\t\t\t\t\u0928\u0935\u0935\u093f\u0927\u093e \u092d\u0915\u094d\u0924\u0940\t\t\t\t<\/span>\n\t\t\t\t<ul class=\"syashramparisarlist\" style=\"display:none;\">\n\t\t\t\t\t<div class=\"categoryidclass syashramparisarlist\" category=\"160\" type=\"Video\" style=\"display:none\"><\/div><ul><li class=\"sl_list_item\" itemindex=\"0\" ><a href=\"#\">05_NVB_09_Atmanivedanam<\/a><\/li><li class=\"sl_list_item\" itemindex=\"1\" ><a href=\"#\">NVB_08_Sakhyabhakti<\/a><\/li><li class=\"sl_list_item\" itemindex=\"2\" ><a href=\"#\">NVB_07_Dasyabhakti<\/a><\/li><li class=\"sl_list_item\" itemindex=\"3\" ><a href=\"#\">NVB_06_Vandanam<\/a><\/li><li class=\"sl_list_item\" itemindex=\"4\" ><a href=\"#\">NVB_05_Archanam<\/a><\/li><li class=\"sl_list_item\" itemindex=\"5\" ><a href=\"#\">NVB_04_Padsevanam<\/a><\/li><li class=\"sl_list_item\" itemindex=\"6\" ><a href=\"#\">NVB_03_Namsmaranam<\/a><\/li><li class=\"sl_list_item\" itemindex=\"7\" ><a href=\"#\">NVB_02_Kirtanam<\/a><\/li><li class=\"sl_list_item\" itemindex=\"8\" ><a href=\"#\">NVB_01_Shravanam<\/a><\/li><\/ul>\t\t\t\t<\/ul>\n\t\t\t<\/div>\n\t\t\t\t\t<div class=\"toggle-section\">\n\t\t\t\t<span class=\"elementor-tab-title\">\n\t\t\t\t\t<span class=\"arrow\">&#9654;<\/span>\n\t\t\t\t\t\u091c\u094d\u091e\u093e\u0928\u092a\u0930 \u092e\u0928\u093e\u091a\u0947 \u0936\u094d\u0932\u094b\u0915\t\t\t\t<\/span>\n\t\t\t\t<ul class=\"syashramparisarlist\" style=\"display:none;\">\n\t\t\t\t\t<div class=\"categoryidclass syashramparisarlist\" category=\"162\" type=\"Video\" style=\"display:none\"><\/div><ul><li class=\"sl_list_item\" itemindex=\"0\" ><a href=\"#\">Manache Shlok &#8211; 174 &#8211; Jaya chakshune lakshita lakshavena<\/a><\/li><li class=\"sl_list_item\" itemindex=\"1\" ><a href=\"#\">Manache Shlok &#8211; 173 &#8211; Swaroopi udela ahankara raho<\/a><\/li><li class=\"sl_list_item\" itemindex=\"2\" ><a href=\"#\">Manache Shlok &#8211; 172 &#8211; Sphure veeshayi kalpana te avidya<\/a><\/li><li class=\"sl_list_item\" itemindex=\"3\" ><a href=\"#\">Manache Shlok &#8211; 171- Ase saar saachar te chorlese<\/a><\/li><li class=\"sl_list_item\" itemindex=\"4\" ><a href=\"#\">Manache Shlok &#8211; 170 &#8211; Dehe buddhi he dnyanbodhe tyajave &#8211; Part 2<\/a><\/li><li class=\"sl_list_item\" itemindex=\"5\" ><a href=\"#\">Manache Shlok &#8211; 170 &#8211; Dehe buddhi he dnyanbodhe tyajave &#8211; Part 1<\/a><\/li><li class=\"sl_list_item\" itemindex=\"6\" ><a href=\"#\">Manache Shlok &#8211; 169 &#8211; Nase anta aananta santa pusava<\/a><\/li><li class=\"sl_list_item\" itemindex=\"7\" ><a href=\"#\">Manache Shlok &#8211; 168 &#8211; Kari vrutti jo santa to santa jana<\/a><\/li><li class=\"sl_list_item\" itemindex=\"8\" ><a href=\"#\">Manache Shlok &#8211; 167 &#8211; Bara nishayo shashwacha karava<\/a><\/li><li class=\"sl_list_item\" itemindex=\"9\" ><a href=\"#\">Manache Shlok -164 &#8211; Mane Kalapila Vishayo sodavava<\/a><\/li><li class=\"sl_list_item\" itemindex=\"10\" ><a href=\"#\">Manache Shlok &#8211; 155 &#8211; Disena jani techi shodhuni pahe<\/a><\/li><li class=\"sl_list_item\" itemindex=\"11\" ><a href=\"#\">Manache Shlok &#8211; 139 &#8211; Pudhe Pahata<\/a><\/li><li class=\"sl_list_item\" itemindex=\"12\" ><a href=\"#\">Manache Shlok &#8211; 138 &#8211; Bhrame Nadhale<\/a><\/li><li class=\"sl_list_item\" itemindex=\"13\" ><a href=\"#\">Manache Shlok &#8211; 137 &#8211; Jeeva Shreshtha Te<\/a><\/li><li class=\"sl_list_item\" itemindex=\"14\" ><a href=\"#\">Manache Shlok &#8211; 136 &#8211; Bhaye Vyapile<\/a><\/li><\/ul>\t\t\t\t<\/ul>\n\t\t\t<\/div>\n\t\t\t\t\t<div class=\"toggle-section\">\n\t\t\t\t<span class=\"elementor-tab-title\">\n\t\t\t\t\t<span class=\"arrow\">&#9654;<\/span>\n\t\t\t\t\t\u0917\u0940\u0924-\u0917\u0940\u0924\u093e \u092a\u094d\u0930\u0935\u091a\u0928\u092e\u093e\u0932\u093e\t\t\t\t<\/span>\n\t\t\t\t<ul class=\"syashramparisarlist\" style=\"display:none;\">\n\t\t\t\t\t<div class=\"categoryidclass syashramparisarlist\" category=\"187\" type=\"Video\" style=\"display:none\"><\/div><ul><li class=\"sl_list_item\" itemindex=\"0\" ><a href=\"#\">03_Geet-Gita_Adhyay13 -15_Girivan Shibir<\/a><\/li><li class=\"sl_list_item\" itemindex=\"1\" ><a href=\"#\">02_GeetGita_Swaroopyogashram Shibir<\/a><\/li><li class=\"sl_list_item\" itemindex=\"2\" ><a href=\"#\">01_GeetGita_Swami Vivekanand jayanti vishesh<\/a><\/li><\/ul>\t\t\t\t<\/ul>\n\t\t\t<\/div>\n\t\t\t<\/div>\n\t<script>\n\t\tjQuery(document).ready(function($) {\n\t\t\t$('.sadhak_library_template .toggle-section').click(function(event) {\n\t\t\t\t\/\/ Prevent the click event from bubbling up to the list items\n\t\t\t\tif ($(event.target).closest('ul').length === 0) {\n\t\t\t\t\t$('.sadhak_library_template .syashramparisarlist').slideUp();\n\t\t\t\t\t$('.sadhak_library_template .arrow').html('&#9654;');\n\t\t\t\t\tif ($(this).find('ul').is(':hidden')) {\n\t\t\t\t\t\t$(this).find('ul').slideDown();\n\t\t\t\t\t\t$(this).find('.arrow').html('&#9660;');\n\t\t\t\t\t} else {\n\t\t\t\t\t\t$(this).find('ul').slideUp();\n\t\t\t\t\t\t$(this).find('.arrow').html('&#9654;');\n\t\t\t\t\t}\n\t\t\t\t}\n\t\t\t});\n\t\t});\n\t<\/script>\n\t<style>\n\t\t.sadhak_library_template .toggle-section {\n\t\t\tmargin-bottom: 10px;\n\t\t}\n\t\t.sadhak_library_template .elementor-tab-title {\n\t\t\tcursor: pointer;\n\t\t\tdisplay: flex;\n\t\t\talign-items: center;\n\t\t}\n\t\t.sadhak_library_template .arrow {\n\t\t\tmargin-right: 10px;\n\t\t}\n\t<\/style>\n\t\n<\/div><\/div>\n<\/div>\n\n\n\n<div class=\"wp-block-column is-vertically-aligned-top is-layout-flow wp-block-column-is-layout-flow\" style=\"flex-basis:2%\">\n<div style=\"height:10px\" aria-hidden=\"true\" class=\"wp-block-spacer\"><\/div>\n<\/div>\n\n\n\n<div class=\"wp-block-column is-vertically-aligned-top slmaincarousel is-layout-flow wp-block-column-is-layout-flow\" style=\"flex-basis:68%\">\n<div id=\"audio_main\">\u0915\u094d\u0937\u092e\u0938\u094d\u0935! \u0906\u092a\u0923 \u0932\u0949\u0917\u093f\u0928 \u0915\u0947\u0932\u0947\u0932\u0947 \u0928\u093e\u0939\u0940, \u0905\u0925\u0935\u093e \u0906\u092a\u0923 \u0938\u093e\u0927\u0915 \u0932\u093e\u092f\u092c\u094d\u0930\u0930\u0940\u091a\u0947 \u0938\u092c\u094d\u0938\u094d\u0915\u094d\u0930\u093f\u092a\u094d\u0936\u0928 (\u0938\u092d\u093e\u0938\u0926\u0924\u094d\u0935) \u0918\u0947\u0924\u0932\u0947 \u0928\u093e\u0939\u0940\u092f\u0947. \u0938\u093e\u0927\u0915 \u0932\u093e\u092f\u092c\u094d\u0930\u0930\u0940 \u092e\u0927\u094d\u092f\u0947 \u092a\u094d\u0930\u0935\u0947\u0936 \u092e\u093f\u0933\u0935\u0923\u094d\u092f\u093e\u0938\u093e\u0920\u0940 \u0915\u0943\u092a\u092f\u093e \u0932\u0949\u0917\u093f\u0928 \u0915\u0930\u093e\u0935\u0947 \u0935 \u0938\u092c\u0938\u094d\u0915\u094d\u0930\u093e\u0908\u092c (\u0938\u092d\u093e\u0938\u0926\u0924\u094d\u0935 \u0918\u094d\u092f\u093e\u0935\u0947) \u0915\u0930\u093e\u0935\u0947.<\/div>\n<\/div>\n<\/div>","protected":false},"excerpt":{"rendered":"<div class=\"pmpro_content_message\">This content is for Yearly and Half-yearly members only.<br \/><a href=\"https:\/\/sytest.swaroopyog.net\/mr\/login\/\">Login<\/a> <a href=\"https:\/\/sytest.swaroopyog.net\/mr\/membership-account\/membership-levels\/\">Join Now<\/a><\/div>","protected":false},"author":1,"featured_media":0,"parent":0,"menu_order":0,"comment_status":"closed","ping_status":"closed","template":"sadhak-lib-pranava-template.php","meta":{"pmpro_default_level":"","footnotes":""},"class_list":["post-21004","page","type-page","status-publish","hentry","pmpro-has-access"],"_links":{"self":[{"href":"https:\/\/sytest.swaroopyog.net\/mr\/wp-json\/wp\/v2\/pages\/21004","targetHints":{"allow":["GET"]}}],"collection":[{"href":"https:\/\/sytest.swaroopyog.net\/mr\/wp-json\/wp\/v2\/pages"}],"about":[{"href":"https:\/\/sytest.swaroopyog.net\/mr\/wp-json\/wp\/v2\/types\/page"}],"author":[{"embeddable":true,"href":"https:\/\/sytest.swaroopyog.net\/mr\/wp-json\/wp\/v2\/users\/1"}],"replies":[{"embeddable":true,"href":"https:\/\/sytest.swaroopyog.net\/mr\/wp-json\/wp\/v2\/comments?post=21004"}],"version-history":[{"count":7,"href":"https:\/\/sytest.swaroopyog.net\/mr\/wp-json\/wp\/v2\/pages\/21004\/revisions"}],"predecessor-version":[{"id":21102,"href":"https:\/\/sytest.swaroopyog.net\/mr\/wp-json\/wp\/v2\/pages\/21004\/revisions\/21102"}],"wp:attachment":[{"href":"https:\/\/sytest.swaroopyog.net\/mr\/wp-json\/wp\/v2\/media?parent=21004"}],"curies":[{"name":"wp","href":"https:\/\/api.w.org\/{rel}","templated":true}]}}