{"id":14960,"date":"2023-08-11T16:13:12","date_gmt":"2023-08-11T10:43:12","guid":{"rendered":"https:\/\/sy.pranavaeet.com\/?page_id=14960"},"modified":"2024-06-24T10:19:26","modified_gmt":"2024-06-24T04:49:26","slug":"sadhak-library-videos","status":"publish","type":"page","link":"https:\/\/sytest.swaroopyog.net\/mr\/sadhak-library-videos\/","title":{"rendered":"10 &#8211; B &#8211; Sadhak Library Video"},"content":{"rendered":"<h2>\u0938\u093e\u0927\u0915 \u0932\u093e\u092f\u092c\u094d\u0930\u0930\u0940 \u0935\u094d\u0939\u093f\u0921\u093f\u0913\u0938<\/h2>\n<h2>\u0935\u094d\u0939\u093f\u0921\u093f\u0913 \u0932\u093e\u092f\u092c\u094d\u0930\u0930\u0940<\/h2>\n<p>\t\t\t\t\t\t\t\t\t\t\t\t<a tabindex=\"0\">\u0936\u093f\u0935\u0936\u0902\u0915\u0930 \u092a\u094d\u0930\u0935\u091a\u0928\u0947<\/a><\/p>\n<ul>\n<li itemindex=\"0\" ><a href=\"#\">01_991229_GN_Bhagavat Gita_A02_S62 &#8211; dhy\u0101yato vi\u1e63hay\u0101n pu\u1e41sa\u1e25 sa\u1e45gas te\u1e63h\u016bpaj\u0101yate<\/a><\/li>\n<li itemindex=\"1\" ><a href=\"#\">01_991228_GN_Bhagavat Gita_A02_S61 &#8211; t\u0101ni sarv\u0101\u1e47i sanyamya yukta \u0101s\u012bta mat-para\u1e25<\/a><\/li>\n<li itemindex=\"2\" ><a href=\"#\">01_991012_GN_Bhagavat Gita_A02_S57 &#8211; ya\u1e25 sarvatr\u0101nabhisnehas tat tat pr\u0101pya \u015bhubh\u0101\u015bhubham<\/a><\/li>\n<li itemindex=\"3\" ><a href=\"#\">01_991011_GN_Bhagavat Gita_A02_S54 &#8211; sthita-praj\u00f1asya k\u0101 bh\u0101\u1e63h\u0101 sam\u0101dhi-sthasya ke\u015bhava<\/a><\/li>\n<li itemindex=\"4\" ><a href=\"#\">01_991011_GN_Bhagavat Gita_A02_S48 &#8211; yoga-stha\u1e25 kuru karm\u0101\u1e47i sa\u1e45ga\u1e41 tyaktv\u0101 dhana\u00f1jaya<\/a><\/li>\n<li itemindex=\"5\" ><a href=\"#\">01_990912_GN_Bhagavat Gita_A02_S48 &#8211; yoga-stha\u1e25 kuru karm\u0101\u1e47i sa\u1e45ga\u1e41 tyaktv\u0101 dhana\u00f1jaya<\/a><\/li>\n<li itemindex=\"6\" ><a href=\"#\">01_990411_GN_Bhagavat Gita_A02_S01 &#8211; ta\u1e41 tath\u0101 k\u1e5bipay\u0101vi\u1e63h\u1e6dama\u015bhru p\u016br\u1e47\u0101kulek\u1e63ha\u1e47am<\/a><\/li>\n<li itemindex=\"7\" ><a href=\"#\">01_990407_GN_Bhagavat Gita_A01_S01 &#8211; Dharma-k\u1e63hetre kuru-k\u1e63hetre samavet\u0101 yuyutsava\u1e25<\/a><\/li>\n<\/ul>\n<p>\t\t\t\t\t\t\t\t\t\t\t\t<a tabindex=\"0\">\u0928\u0935\u0935\u093f\u0927\u093e \u092d\u0915\u094d\u0924\u0940<\/a><\/p>\n<p><i><\/p>\n<ul>\n<li itemindex=\"0\" ><a href=\"#\">05_NVB_05_Archanam<\/a><\/li>\n<li itemindex=\"1\" ><a href=\"#\">NVB_04_Padsevanam<\/a><\/li>\n<li itemindex=\"2\" ><a href=\"#\">NVB_03_Namsmaranam<\/a><\/li>\n<li itemindex=\"3\" ><a href=\"#\">NVB_02_Kirtanam<\/a><\/li>\n<li itemindex=\"4\" ><a href=\"#\">NVB_01_Shravanam<\/a><\/li>\n<\/ul>\n<p><\/i><\/p>\n<p>\t\t\t\t\t\t\t\t\t\t\t\t<a tabindex=\"0\">\u0927\u094d\u092f\u093e\u0928\u092a\u0930 \u092e\u0928\u093e\u091a\u0947 \u0936\u094d\u0932\u094b\u0915<\/a><\/p>\n<ul>\n<li itemindex=\"0\" ><a href=\"#\">Manache shlok &#8211; 141 &#8211; Mhane das sayas<\/a><\/li>\n<li itemindex=\"1\" ><a href=\"#\">Manache Shlok &#8211; 139 &#8211; Pudhe Pahata<\/a><\/li>\n<li itemindex=\"2\" ><a href=\"#\">Manache Shlok &#8211; 138 &#8211; Bhrame Nadhale<\/a><\/li>\n<li itemindex=\"3\" ><a href=\"#\">Manache Shlok &#8211; 137 &#8211; Jeeva Shreshtha Te<\/a><\/li>\n<li itemindex=\"4\" ><a href=\"#\">Manache Shlok &#8211; 136 &#8211; Bhaye Vyapile<\/a><\/li>\n<\/ul>\n<p>\t\t\t\t\t\t\t\t\t\t\t\t<a tabindex=\"0\">Geet &#8211; Gita Pravachanmala<\/a><\/p>\n<ul>\n<li itemindex=\"0\" ><a href=\"#\">02_GeetGita_Swaroopyogashram Shibir<\/a><\/li>\n<li itemindex=\"1\" ><a href=\"#\">01_GeetGita_Swami Vivekanand jayanti vishesh<\/a><\/li>\n<\/ul>\n\u0915\u094d\u0937\u092e\u0938\u094d\u0935! \u0906\u092a\u0923 \u0932\u0949\u0917\u093f\u0928 \u0915\u0947\u0932\u0947\u0932\u0947 \u0928\u093e\u0939\u0940, \u0905\u0925\u0935\u093e \u0906\u092a\u0923 \u0938\u093e\u0927\u0915 \u0932\u093e\u092f\u092c\u094d\u0930\u0930\u0940\u091a\u0947 \u0938\u092c\u094d\u0938\u094d\u0915\u094d\u0930\u093f\u092a\u094d\u0936\u0928 (\u0938\u092d\u093e\u0938\u0926\u0924\u094d\u0935) \u0918\u0947\u0924\u0932\u0947 \u0928\u093e\u0939\u0940\u092f\u0947. \u0938\u093e\u0927\u0915 \u0932\u093e\u092f\u092c\u094d\u0930\u0930\u0940 \u092e\u0927\u094d\u092f\u0947 \u092a\u094d\u0930\u0935\u0947\u0936 \u092e\u093f\u0933\u0935\u0923\u094d\u092f\u093e\u0938\u093e\u0920\u0940 \u0915\u0943\u092a\u092f\u093e \u0932\u0949\u0917\u093f\u0928 \u0915\u0930\u093e\u0935\u0947 \u0935 \u0938\u092c\u0938\u094d\u0915\u094d\u0930\u093e\u0908\u092c (\u0938\u092d\u093e\u0938\u0926\u0924\u094d\u0935 \u0918\u094d\u092f\u093e\u0935\u0947) \u0915\u0930\u093e\u0935\u0947.","protected":false},"excerpt":{"rendered":"<p>Sadhak Library Videos Video Library Shivashankar Pravachane 01_991229_GN_Bhagavat Gita_A02_S62 &#8211; dhy\u0101yato vi\u1e63hay\u0101n pu\u1e41sa\u1e25 sa\u1e45gas te\u1e63h\u016bpaj\u0101yate 01_991228_GN_Bhagavat Gita_A02_S61 &#8211; t\u0101ni sarv\u0101\u1e47i sanyamya yukta \u0101s\u012bta mat-para\u1e25 01_991012_GN_Bhagavat Gita_A02_S57 &#8211; ya\u1e25 sarvatr\u0101nabhisnehas tat tat pr\u0101pya \u015bhubh\u0101\u015bhubham 01_991011_GN_Bhagavat Gita_A02_S54 &#8211; sthita-praj\u00f1asya k\u0101 bh\u0101\u1e63h\u0101 sam\u0101dhi-sthasya ke\u015bhava 01_991011_GN_Bhagavat Gita_A02_S48 &#8211; yoga-stha\u1e25 kuru karm\u0101\u1e47i sa\u1e45ga\u1e41 tyaktv\u0101 dhana\u00f1jaya 01_990912_GN_Bhagavat Gita_A02_S48 &#8211; yoga-stha\u1e25 kuru [&hellip;]<\/p>","protected":false},"author":1,"featured_media":0,"parent":0,"menu_order":0,"comment_status":"closed","ping_status":"closed","template":"sadhak-lib-pranava-template.php","meta":{"pmpro_default_level":"","footnotes":""},"class_list":["post-14960","page","type-page","status-publish","hentry","pmpro-has-access"],"_links":{"self":[{"href":"https:\/\/sytest.swaroopyog.net\/mr\/wp-json\/wp\/v2\/pages\/14960","targetHints":{"allow":["GET"]}}],"collection":[{"href":"https:\/\/sytest.swaroopyog.net\/mr\/wp-json\/wp\/v2\/pages"}],"about":[{"href":"https:\/\/sytest.swaroopyog.net\/mr\/wp-json\/wp\/v2\/types\/page"}],"author":[{"embeddable":true,"href":"https:\/\/sytest.swaroopyog.net\/mr\/wp-json\/wp\/v2\/users\/1"}],"replies":[{"embeddable":true,"href":"https:\/\/sytest.swaroopyog.net\/mr\/wp-json\/wp\/v2\/comments?post=14960"}],"version-history":[{"count":69,"href":"https:\/\/sytest.swaroopyog.net\/mr\/wp-json\/wp\/v2\/pages\/14960\/revisions"}],"predecessor-version":[{"id":21005,"href":"https:\/\/sytest.swaroopyog.net\/mr\/wp-json\/wp\/v2\/pages\/14960\/revisions\/21005"}],"wp:attachment":[{"href":"https:\/\/sytest.swaroopyog.net\/mr\/wp-json\/wp\/v2\/media?parent=14960"}],"curies":[{"name":"wp","href":"https:\/\/api.w.org\/{rel}","templated":true}]}}